{"id":96,"date":"2021-01-20T08:20:48","date_gmt":"2021-01-20T08:20:48","guid":{"rendered":"https:\/\/www.wir-heiraten-homepage.ch\/beispiel2\/?page_id=96"},"modified":"2026-03-02T15:15:05","modified_gmt":"2026-03-02T15:15:05","slug":"4-2","status":"publish","type":"page","link":"https:\/\/www.wir-heiraten-homepage.ch\/beispiel2\/4-2\/","title":{"rendered":"4"},"content":{"rendered":"\n<h1>\n\t\tMAJA &#038; THOMAS\n\t<\/h1>\n<h2>\n\t\tWir heiraten am <strong>07.07.2015<\/strong>\n\t<\/h2>\n\t\t\t<a href=\"\" target=\"_self\" role=\"button\">\n\t\t\t\t\t\t\t<\/a>\n<h1>\n\t\tDas Paar\n\t<\/h1>\n\t\t\t\t<img loading=\"lazy\" decoding=\"async\" src=\"https:\/\/www.wir-heiraten-homepage.ch\/beispiel\/wp-content\/uploads\/2018\/06\/wir-heiraten-bespielfoto-paar2.jpg\" alt=\"wir-heiraten-bespielfoto-paar2\" itemprop=\"image\" height=\"533\" width=\"800\" title=\"wir-heiraten-bespielfoto-paar2\" onerror=\"this.style.display='none'\"  \/>\n<h2>\n\t\tDie Braut\n\t<\/h2>\n<h1>\n\t\tMaja\n\t<\/h1>\n\t\t\t\t<img loading=\"lazy\" decoding=\"async\" src=\"https:\/\/www.wir-heiraten-homepage.ch\/beispiel\/wp-content\/uploads\/2018\/06\/wir-heiraten-bespielfoto-paar1.jpg\" alt=\"wir-heiraten-bespielfoto-paar1\" itemprop=\"image\" height=\"547\" width=\"800\" title=\"wir-heiraten-bespielfoto-paar1\" onerror=\"this.style.display='none'\"  \/>\n<h2>\n\t\tDer Br\u00e4utigam\n\t<\/h2>\n<h1>\n\t\tThomas\n\t<\/h1>\n<h1>\n\t\tnur noch&#8230;\n\t<\/h1>\n<h1>\n\t\tUnsere Geschichte\n\t<\/h1>\n<!-- If both -->\n\t<ul>\n\t\t\t\t<li>\n\t\t\t\t\t\t<!--date-->\n\t\t\t\t\t01 January 2002\t\t\t\t\n\t\t\t<!--\/.date-->\n\t\t\t<!--icon-->\n\t\t\t<!--\/.icon-->\n\t\t\t<!--Timline-Content-->\n\t\t\t\t\t<!--Timline-Title-->\n\t\t\t\t\t<h3>\n\t\t\t\t\t\tDas Kennenlernen\t\t\t\t\t<\/h3>\n\t\t\t\t\t<!--\/.Timline-Title-->\n\t\t\t\t\t<!--Timline-description-->\n\t\t\t\t\t<p>Lorem ipsum dolor sit amet, consectetur adipisicing elit. Iusto, optio, dolorum provident rerum aut hic quasi placeat iure tempora laudantium ipsa ad debitis unde? Iste voluptatibus minus veritatis qui ut.<\/p>\n\t\t\t\t\t<!--\/.Timline-description-->\n\t\t\t<!--\/.Timline-Content-->\n\t\t<\/li>\n\t\t\t\t<li>\n\t\t\t\t\t\t<!--date-->\n\t\t\t\t\t01 January 2003\t\t\t\t\n\t\t\t<!--\/.date-->\n\t\t\t<!--icon-->\n\t\t\t<!--\/.icon-->\n\t\t\t<!--Timline-Content-->\n\t\t\t\t\t<!--Timline-Title-->\n\t\t\t\t\t<h3>\n\t\t\t\t\t\tDas Zusammenkommen\t\t\t\t\t<\/h3>\n\t\t\t\t\t<!--\/.Timline-Title-->\n\t\t\t\t\t<!--Timline-description-->\n\t\t\t\t\t<p>Lorem ipsum dolor sit amet, consectetur adipisicing elit. Iusto, optio, dolorum provident rerum aut hic quasi placeat iure tempora laudantium ipsa ad debitis unde? Iste voluptatibus minus veritatis qui ut.<\/p>\n\t\t\t\t\t<!--\/.Timline-description-->\n\t\t\t<!--\/.Timline-Content-->\n\t\t<\/li>\n\t\t\t\t<li>\n\t\t\t\t\t\t<!--date-->\n\t\t\t\t\t01 January 2006\t\t\t\t\n\t\t\t<!--\/.date-->\n\t\t\t<!--icon-->\n\t\t\t<!--\/.icon-->\n\t\t\t<!--Timline-Content-->\n\t\t\t\t\t<!--Timline-Title-->\n\t\t\t\t\t<h3>\n\t\t\t\t\t\tDie Beziehung\t\t\t\t\t<\/h3>\n\t\t\t\t\t<!--\/.Timline-Title-->\n\t\t\t\t\t<!--Timline-description-->\n\t\t\t\t\t<p>Lorem ipsum dolor sit amet, consectetur adipisicing elit. Iusto, optio, dolorum provident rerum aut hic quasi placeat iure tempora laudantium ipsa ad debitis unde? Iste voluptatibus minus veritatis qui ut.<\/p>\n\t\t\t\t\t<!--\/.Timline-description-->\n\t\t\t<!--\/.Timline-Content-->\n\t\t<\/li>\n\t\t\t\t<li>\n\t\t\t\t\t\t<!--date-->\n\t\t\t\t\t01 January 2010\t\t\t\t\n\t\t\t<!--\/.date-->\n\t\t\t<!--icon-->\n\t\t\t<!--\/.icon-->\n\t\t\t<!--Timline-Content-->\n\t\t\t\t\t<!--Timline-Title-->\n\t\t\t\t\t<h3>\n\t\t\t\t\t\tDie Verlobung\t\t\t\t\t<\/h3>\n\t\t\t\t\t<!--\/.Timline-Title-->\n\t\t\t\t\t<!--Timline-description-->\n\t\t\t\t\t<p>Lorem ipsum dolor sit amet, consectetur adipisicing elit. Iusto, optio, dolorum provident rerum aut hic quasi placeat iure tempora laudantium ipsa ad debitis unde? Iste voluptatibus minus veritatis qui ut.<\/p>\n\t\t\t\t\t<!--\/.Timline-description-->\n\t\t\t<!--\/.Timline-Content-->\n\t\t<\/li>\n\t\t\t<\/ul>\n\t<strong>Keiner ist so verr\u00fcckt, dass er nicht einen noch Verr\u00fcckteren f\u00e4nde, der ihn versteht.<\/strong><br \/>\nHeinrich Heine\n<h1>\n\t\tGalerie\n\t<\/h1>\n\t<p>&nbsp;<\/p>\n\t<p>&nbsp;<\/p>\n<h1>\n\t\tDie Hochzeit\n\t<\/h1>\n\t\t\t\t<img decoding=\"async\" src=\"https:\/\/www.wir-heiraten-homepage.ch\/beispiel\/wp-content\/uploads\/wir-heiraten-beispielfoto-trauung.jpg\" alt=\"wir-heiraten-beispielfoto-trauung\" itemprop=\"image\" title=\"wir-heiraten-beispielfoto-trauung\" onerror=\"this.style.display='none'\"  \/>\n\t<h2>Die Trauung<\/h2>\n<strong>am Beispielort, Beispieladresse<br \/>\n<\/strong><strong>07.07.2015 um 14.00 Uhr<\/strong>\n<p>Lorem ipsum dolor sit amet, consectetur adipisicing elit. Iusto, optio, dolorum provident rerum aut hic quasi placeat iure tempora laudantium ipsa ad debitis unde? Iste voluptatibus minus veritatis qui ut.<\/p>\n<p>&gt; Zur Karte<\/p>\n\t\t\t\t<img decoding=\"async\" src=\"https:\/\/www.wir-heiraten-homepage.ch\/beispiel\/wp-content\/uploads\/wir-heiraten-homepage-beispielfoto-apero.jpg\" alt=\"wir-heiraten-homepage-beispielfoto-apero\" itemprop=\"image\" title=\"wir-heiraten-homepage-beispielfoto-apero\" onerror=\"this.style.display='none'\"  \/>\n\t<h2>Das Apero<\/h2>\n<strong>am Beispielort, Beispieladresse<br \/>\n<\/strong><strong>07.07.2015 um 15.00 &#8211; 16.00 Uhr<\/strong>\n<p>Lorem ipsum dolor sit amet, consectetur adipisicing elit. Iusto, optio, dolorum provident rerum aut hic quasi placeat iure tempora laudantium ipsa ad debitis unde? Iste voluptatibus minus veritatis qui ut.<\/p>\n<p>&gt; zur Karte<\/p>\n\t\t\t\t<img decoding=\"async\" src=\"https:\/\/www.wir-heiraten-homepage.ch\/beispiel\/wp-content\/uploads\/wir-heiraten-beispielfoto-fest.jpg\" alt=\"wir-heiraten-beispielfoto-fest\" itemprop=\"image\" title=\"wir-heiraten-beispielfoto-fest\" onerror=\"this.style.display='none'\"  \/>\n\t<h2>Das Fest<\/h2>\n<strong>am Beispielort, Beispieladresse<br \/>\n<\/strong><strong>07.07.2015 ab 18.00 Uhr<\/strong>\n<p>Lorem ipsum dolor sit amet, consectetur adipisicing elit. Iusto, optio, dolorum provident rerum aut hic quasi placeat iure tempora laudantium ipsa ad debitis unde? Iste voluptatibus minus veritatis qui ut.<\/p>\n<p>&gt; zur Karte<\/p>\n\t<p>&nbsp;<\/p>\n\t<p>&nbsp;<\/p>\n<h1>\n\t\tZus\u00e4tliche Infos\n\t<\/h1>\n\t<h3>Parkm\u00f6glichkeiten<\/h3>\n<p>Auf dem Schloss Habsburg sind die Parkm\u00e4glichkeiten begrenzt. Deshalb bitten wir Euch, wenn m\u00f6glich Fahrgemeinschaften zu bilden.<\/p>\n\t<h3>Dresscode<\/h3>\n<p>Wir bitten um festliche Kleidung.<\/p>\n\t<h3>Von der Trauung zum Fest<\/h3>\n<p>Es ist nichts organisiert. Jeder f\u00e4hrt selber, organisiert euch und bildet wenn m\u00f6glich auch Fahrgemeinschaften.<\/p>\n\t<h3>Spiele und Sontiges<\/h3>\n<p>Falls Ihr uns mit Spielen, Spr\u00fcchen oder sonstigen Vorf\u00fchrungen \u00fcberraschen wollt. Nehmt bitte mit einem der Trauzeugen Kontakt auf.<\/p>\n\t<p>&nbsp;<\/p>\n\t<p>&nbsp;<\/p>\n<h1>\n\t\tTrauzeugen\n\t<\/h1>\n\t\t\t\t<img decoding=\"async\" src=\"https:\/\/www.wir-heiraten-homepage.ch\/beispiel\/wp-content\/uploads\/wir-heiraten-homepage-beispielfoto_trauzeugin.png\" alt=\"wir-heiraten-homepage-beispielfoto_trauzeugin\" itemprop=\"image\" title=\"wir-heiraten-homepage-beispielfoto_trauzeugin\" onerror=\"this.style.display='none'\"  \/>\n\t<h1><strong>Vanessa<\/strong><\/h1>\n<p><em>Schwester der Braut<\/em><\/p>\n<p>Lorem ipsum dolor sit amet, consectetur adipisicing elit. Iusto, optio, dolorum provident rerum aut hic quasi placeat iure tempora laudantium ipsa ad debitis unde? Iste voluptatibus minus veritatis qui ut.<\/p>\n<p><a href=\"mailto:vanessa@beispiel.ch\">vanessa@beispiel.ch<\/a><\/p>\n\t\t\t\t<img decoding=\"async\" src=\"https:\/\/www.wir-heiraten-homepage.ch\/beispiel\/wp-content\/uploads\/wir-heiraten-homepage-beispielfoto_trauzeuge.png\" alt=\"wir-heiraten-homepage-beispielfoto_trauzeuge\" itemprop=\"image\" title=\"wir-heiraten-homepage-beispielfoto_trauzeuge\" onerror=\"this.style.display='none'\"  \/>\n\t<h2>Maik<\/h2>\n<p><em>Freund des Br\u00e4utigam<\/em><\/p>\n<p>Lorem ipsum dolor sit amet, consectetur adipisicing elit. Iusto, optio, dolorum provident rerum aut hic quasi placeat iure tempora laudantium ipsa ad debitis unde? Iste voluptatibus minus veritatis qui ut.<\/p>\n<p><a href=\"mailto:maik@beispiel.ch\">maik@beispiel.ch<\/a><\/p>\n\t<p>&nbsp;<\/p>\n\t<p>&nbsp;<\/p>\n<h1>\n\t\tGeschenke\n\t<\/h1>\n\t<p>Das gr\u00f6sste Geschenk f\u00fcr uns ist, dass wir uns gefunden haben &amp; wir mit euch Feiern d\u00fcrfen! Falls ihr uns aber trotzdem etwas schenken m\u00f6chtet, freuen wir uns \u00fcber einen Zustupf f\u00fcr unsere Fliterwochen auf den Malediven.<\/p>\nKontodaten:<br \/>\nCH00 0000 0000 00 00\n\t<p>&nbsp;<\/p>\n\t<p>&nbsp;<\/p>\n<h1>\n\t\tAnmeldung &#038; Fragen\n\t<\/h1>\n\t<p>Du bist dabei? Wir freue uns! Melde dich mit dem untenstehenden Formular gleich jetzt an! Wenn du eine Frage hast, darfst du auch gerne dieses Formular benutzen.<\/p>\n\t\n<div class=\"wpcf7 no-js\" id=\"wpcf7-f153-o1\" lang=\"de-DE\" dir=\"ltr\">\n<div class=\"screen-reader-response\"><p role=\"status\" aria-live=\"polite\" aria-atomic=\"true\"><\/p> <ul><\/ul><\/div>\n<form action=\"\/beispiel2\/wp-json\/wp\/v2\/pages\/96#wpcf7-f153-o1\" method=\"post\" class=\"wpcf7-form init\" aria-label=\"Kontaktformular\" novalidate=\"novalidate\" data-status=\"init\">\n<div style=\"display: none;\">\n<input type=\"hidden\" name=\"_wpcf7\" value=\"153\" \/>\n<input type=\"hidden\" name=\"_wpcf7_version\" value=\"5.7.4\" \/>\n<input type=\"hidden\" name=\"_wpcf7_locale\" value=\"de_DE\" \/>\n<input type=\"hidden\" name=\"_wpcf7_unit_tag\" value=\"wpcf7-f153-o1\" \/>\n<input type=\"hidden\" name=\"_wpcf7_container_post\" value=\"0\" \/>\n<input type=\"hidden\" name=\"_wpcf7_posted_data_hash\" value=\"\" \/>\n<\/div>\n<style>\n.wps-form {\n width: 100%;\n margin: 0 auto;\n}\n.wps-form .wps-form-row {\n display: flex;\n flex-direction: column;\n width: 100%;\n}\n.wps-form .wps-form-row .wpcf7-form-control {\n width: 100%;\n}\n.wps-form .wps-form-column {\n flex: 1;\n width: 100%;\n padding: .5rem 0;\n}\n\/* Notebook \/ Desktop *\/\n@media only screen and (min-width: 48em) { \n .wps-form .wps-form-row {\n flex-direction: row;\n }\n .wps-form .wps-form-column {\n padding: .5rem 1rem;\n }\n}\n<\/style>\n<div class=\"wps-form\">\n\t<div class=\"wps-form-row\">\n\t\t<div class=\"wps-form-column\">\n\t\t\t<p><label> <b>Dein Name*<\/b><br \/>\n<span class=\"wpcf7-form-control-wrap\" data-name=\"your-name\"><input size=\"110\" class=\"wpcf7-form-control wpcf7-text wpcf7-validates-as-required\" aria-required=\"true\" aria-invalid=\"false\" value=\"\" type=\"text\" name=\"your-name\" \/><\/span> <\/label>\n\t\t\t<\/p>\n\t\t<\/div>\n\t\t<div class=\"wps-form-column\">\n\t\t\t<p><label> <b>Deine E-Mail-Adresse*<\/b><br \/>\n<span class=\"wpcf7-form-control-wrap\" data-name=\"your-email\"><input size=\"110\" class=\"wpcf7-form-control wpcf7-text wpcf7-email wpcf7-validates-as-required wpcf7-validates-as-email\" aria-required=\"true\" aria-invalid=\"false\" value=\"\" type=\"email\" name=\"your-email\" \/><\/span> <\/label>\n\t\t\t<\/p>\n\t\t<\/div>\n\t<\/div>\n\t<div class=\"wps-form-row\">\n\t\t<div class=\"wps-form-column\">\n\t\t\t<p><label><b>Anzahl G\u00e4ste*<\/b><\/label><br \/>\n<span class=\"wpcf7-form-control-wrap\" data-name=\"AnzahlGste\"><select class=\"wpcf7-form-control wpcf7-select wpcf7-validates-as-required\" aria-required=\"true\" aria-invalid=\"false\" name=\"AnzahlGste\"><option value=\"\">&#8211; Bitte ausw\u00e4hlen &#8211;<\/option><option value=\"1\">1<\/option><option value=\"2\">2<\/option><option value=\"3\">3<\/option><option value=\"4\">4<\/option><option value=\"5\">5<\/option><\/select><\/span>\n\t\t\t<\/p>\n\t\t<\/div>\n\t\t<div class=\"wps-form-column\">\n\t\t\t<p><label><b>Ich komme zu..*<\/b><\/label><br \/>\n<span class=\"wpcf7-form-control-wrap\" data-name=\"Ichkommezu\"><select class=\"wpcf7-form-control wpcf7-select wpcf7-validates-as-required\" aria-required=\"true\" aria-invalid=\"false\" name=\"Ichkommezu\"><option value=\"\">&#8211; Bitte ausw\u00e4hlen &#8211;<\/option><option value=\"Apero und Essen\">Apero und Essen<\/option><option value=\"nur Apero\">nur Apero<\/option><option value=\"nur Essen\">nur Essen<\/option><\/select><\/span>\n\t\t\t<\/p>\n\t\t<\/div>\n\t<\/div>\n\t<div class=\"wps-form-row\">\n\t\t<div class=\"wps-form-column\">\n\t\t\t<p><label> <b>Deine Bemerkung \/ Frage...<\/b><br \/>\n<span class=\"wpcf7-form-control-wrap\" data-name=\"your-message\"><textarea cols=\"200\" rows=\"10\" class=\"wpcf7-form-control wpcf7-textarea\" aria-invalid=\"false\" name=\"your-message\"><\/textarea><\/span> <\/label>\n\t\t\t<\/p>\n\t\t<\/div>\n\t<\/div>\n\t<p><input class=\"wpcf7-form-control has-spinner wpcf7-submit\" type=\"submit\" value=\"Senden\" \/>\n\t<\/p>\n<\/div><div class=\"wpcf7-response-output\" aria-hidden=\"true\"><\/div>\n<\/form>\n<\/div>\n\n\t<strong>Es gibt einen Tag, da geht man Seite an Seite der Zukunft entgegen und ein einfaches JA versch\u00f6nert das ganze Leben.<\/strong><br \/>\nUnbekannt\n\t\t\t<a href=\"#\" target=\"_self\" role=\"button\">\n\t\t\t\t\t\t\t<\/a>\n\n","protected":false},"excerpt":{"rendered":"<p>MAJA &#038; THOMAS Wir heiraten am 07.07.2015 Das Paar Die Braut Maja Der Br\u00e4utigam Thomas nur noch&#8230; Unsere Geschichte 01 January 2002 Das Kennenlernen Lorem ipsum dolor sit amet, consectetur adipisicing elit. Iusto, optio, dolorum provident rerum aut hic quasi placeat iure tempora laudantium ipsa ad debitis unde? Iste voluptatibus minus veritatis qui ut. 01 &hellip;<\/p>\n<p class=\"read-more\"> <a class=\"\" href=\"https:\/\/www.wir-heiraten-homepage.ch\/beispiel2\/4-2\/\"> <span class=\"screen-reader-text\">4<\/span> Weiterlesen &raquo;<\/a><\/p>\n","protected":false},"author":1,"featured_media":0,"parent":0,"menu_order":0,"comment_status":"closed","ping_status":"closed","template":"","meta":{"site-sidebar-layout":"no-sidebar","site-content-layout":"page-builder","ast-global-header-display":"","ast-main-header-display":"disabled","ast-hfb-above-header-display":"","ast-hfb-below-header-display":"","ast-hfb-mobile-header-display":"","site-post-title":"disabled","ast-breadcrumbs-content":"disabled","ast-featured-img":"disabled","footer-sml-layout":"disabled","theme-transparent-header-meta":"default","adv-header-id-meta":"","stick-header-meta":"","header-above-stick-meta":"","header-main-stick-meta":"","header-below-stick-meta":"","footnotes":""},"class_list":["post-96","page","type-page","status-publish","hentry"],"_links":{"self":[{"href":"https:\/\/www.wir-heiraten-homepage.ch\/beispiel2\/wp-json\/wp\/v2\/pages\/96","targetHints":{"allow":["GET"]}}],"collection":[{"href":"https:\/\/www.wir-heiraten-homepage.ch\/beispiel2\/wp-json\/wp\/v2\/pages"}],"about":[{"href":"https:\/\/www.wir-heiraten-homepage.ch\/beispiel2\/wp-json\/wp\/v2\/types\/page"}],"author":[{"embeddable":true,"href":"https:\/\/www.wir-heiraten-homepage.ch\/beispiel2\/wp-json\/wp\/v2\/users\/1"}],"replies":[{"embeddable":true,"href":"https:\/\/www.wir-heiraten-homepage.ch\/beispiel2\/wp-json\/wp\/v2\/comments?post=96"}],"version-history":[{"count":8,"href":"https:\/\/www.wir-heiraten-homepage.ch\/beispiel2\/wp-json\/wp\/v2\/pages\/96\/revisions"}],"predecessor-version":[{"id":244,"href":"https:\/\/www.wir-heiraten-homepage.ch\/beispiel2\/wp-json\/wp\/v2\/pages\/96\/revisions\/244"}],"wp:attachment":[{"href":"https:\/\/www.wir-heiraten-homepage.ch\/beispiel2\/wp-json\/wp\/v2\/media?parent=96"}],"curies":[{"name":"wp","href":"https:\/\/api.w.org\/{rel}","templated":true}]}}